{"id":8150,"date":"2025-11-20T12:46:27","date_gmt":"2025-11-20T11:46:27","guid":{"rendered":"https:\/\/theopenfaculty.com\/?page_id=8150"},"modified":"2025-11-21T14:06:47","modified_gmt":"2025-11-21T13:06:47","slug":"bases-sorteo-the-open-faculty-salon-manga","status":"publish","type":"page","link":"https:\/\/theopenfaculty.com\/en\/bases-sorteo-the-open-faculty-salon-manga\/","title":{"rendered":"Bases Sorteo The Open Faculty Sal\u00f3n Manga"},"content":{"rendered":"<div data-elementor-type=\"wp-page\" data-elementor-id=\"8150\" class=\"elementor elementor-8150\" data-elementor-post-type=\"page\">\n\t\t\t\t<div class=\"elementor-element elementor-element-d754b41 e-flex e-con-boxed e-con e-parent\" data-id=\"d754b41\" data-element_type=\"container\" data-e-type=\"container\">\n\t\t\t\t\t<div class=\"e-con-inner\">\n\t\t\t\t<div class=\"elementor-element elementor-element-fed039b elementor-widget elementor-widget-heading\" data-id=\"fed039b\" data-element_type=\"widget\" data-e-type=\"widget\" data-widget_type=\"heading.default\">\n\t\t\t\t<div class=\"elementor-widget-container\">\n\t\t\t\t\t<h1 class=\"elementor-heading-title elementor-size-default\">RULES OF THE DRAWING <\/h1>\t\t\t\t<\/div>\n\t\t\t\t<\/div>\n\t\t\t\t<div class=\"elementor-element elementor-element-ae973a5 elementor-widget elementor-widget-text-editor\" data-id=\"ae973a5\" data-element_type=\"widget\" data-e-type=\"widget\" data-widget_type=\"text-editor.default\">\n\t\t\t\t<div class=\"elementor-widget-container\">\n\t\t\t\t\t\t\t\t\t<ol>\n<li><strong>Dates of the draw:<\/strong> El sorteo permanecer\u00e1 abierto durante los d\u00edas <b>21, 22 y 23 de noviembre<\/b>, durante todo el Sal\u00f3n Manga.<\/li>\n<li><strong>Requirements:<\/strong> The draw will be open only to the following persons <strong data-start=\"484\" data-end=\"506\">over 17 years of age<\/strong> that <strong data-start=\"511\" data-end=\"574\">meet the requirements set out on the raffle page<\/strong>.<\/li>\n<li><strong data-start=\"580\" data-end=\"606\">Winner and notification:&nbsp;<\/strong>There will be&nbsp;<strong data-start=\"618\" data-end=\"637\">1 ganador<\/strong>which shall be notified on <strong data-start=\"662\" data-end=\"701\">d\u00eda lunes 24 de noviembre de 2025 por la ma\u00f1ana<\/strong>&nbsp;a trav\u00e9s de los medios de contacto facilitados en el formulario de inscripci\u00f3n (tel\u00e9fono, correo electr\u00f3nico o redes sociales).&nbsp;<\/li>\n<li><strong data-start=\"834\" data-end=\"844\">Prize:&nbsp;<\/strong>The prize will consist of<strong data-start=\"874\" data-end=\"996\">&nbsp;la Edici\u00f3n Coleccionista de Jujutsu Kaisen.&nbsp;<\/strong><\/li>\n<li><strong data-start=\"1088\" data-end=\"1113\">Selection of the winner: <\/strong>&nbsp;Ser\u00e1 seleccionado de forma aleatoria entre los participantes inscritos a trav\u00e9s de una <strong data-start=\"1225\" data-end=\"1251\">computer application<\/strong>.<\/li>\n<li>&nbsp;<strong data-start=\"1257\" data-end=\"1279\">Presentation of the award:&nbsp;<\/strong>The prize may be collected <strong data-start=\"1311\" data-end=\"1354\">a partir del mi\u00e9rcoles 26 de noviembre de 2025<\/strong>&nbsp;hasta el <b>31 de enero de 2026<\/b>, en el <strong data-start=\"1361\" data-end=\"1402\">The Open Faculty University Centre<\/strong>located in <strong data-start=\"1415\" data-end=\"1464\">C. Alcalde Gaspar de La Pe\u00f1a, 3, 30004 Murcia<\/strong>. To collect the prize, the winner must <strong data-start=\"1513\" data-end=\"1553\">presentar el correo que le enviaremos como ganador del sorteo.&nbsp;<\/strong><\/li>\n<li><strong data-start=\"1559\" data-end=\"1584\">Prizes not awarded:&nbsp;<\/strong>In the event that the prize cannot be awarded to the winner, the following will be extracted <strong data-start=\"1654\" data-end=\"1687\">hasta participantes adicionales<\/strong>.<br data-start=\"1688\" data-end=\"1691\">If after these attempts the prize still cannot be delivered, <strong data-start=\"1758\" data-end=\"1846\">The Open Faculty reserves the right to dispose of it as it sees fit.<\/strong>.&nbsp;<\/li>\n<li><strong data-start=\"1852\" data-end=\"1882\">Communication of the result:&nbsp;<\/strong>The winner will be announced through the official social media profiles of the <strong data-start=\"1977\" data-end=\"2018\">The Open Faculty University Centre<\/strong>.<\/li>\n<\/ol>\t\t\t\t\t\t\t\t<\/div>\n\t\t\t\t<\/div>\n\t\t\t\t\t<\/div>\n\t\t\t\t<\/div>\n\t\t\t\t<\/div>","protected":false},"excerpt":{"rendered":"<p>BASES SORTEO Fechas del sorteo: El sorteo permanecer\u00e1 abierto durante los d\u00edas 21, 22 y 23 de noviembre, durante todo el Sal\u00f3n Manga. Requisitos: Podr\u00e1n participar en el sorteo \u00fanicamente personas mayores de 17 a\u00f1os que cumplan los requisitos establecidos en la p\u00e1gina del sorteo. Ganador y notificaci\u00f3n:&nbsp;Habr\u00e1&nbsp;1 ganador, que ser\u00e1 notificado el d\u00eda lunes [&hellip;]<\/p>\n","protected":false},"author":2,"featured_media":0,"parent":0,"menu_order":0,"comment_status":"closed","ping_status":"closed","template":"","meta":{"site-sidebar-layout":"no-sidebar","site-content-layout":"","ast-site-content-layout":"full-width-container","site-content-style":"default","site-sidebar-style":"default","ast-global-header-display":"","ast-banner-title-visibility":"","ast-main-header-display":"","ast-hfb-above-header-display":"","ast-hfb-below-header-display":"","ast-hfb-mobile-header-display":"","site-post-title":"disabled","ast-breadcrumbs-content":"","ast-featured-img":"disabled","footer-sml-layout":"","theme-transparent-header-meta":"","adv-header-id-meta":"","stick-header-meta":"","header-above-stick-meta":"","header-main-stick-meta":"","header-below-stick-meta":"","astra-migrate-meta-layouts":"default","ast-page-background-enabled":"default","ast-page-background-meta":{"desktop":{"background-color":"var(--ast-global-color-4)","background-image":"","background-repeat":"repeat","background-position":"center center","background-size":"auto","background-attachment":"scroll","background-type":"","background-media":"","overlay-type":"","overlay-color":"","overlay-opacity":"","overlay-gradient":""},"tablet":{"background-color":"","background-image":"","background-repeat":"repeat","background-position":"center center","background-size":"auto","background-attachment":"scroll","background-type":"","background-media":"","overlay-type":"","overlay-color":"","overlay-opacity":"","overlay-gradient":""},"mobile":{"background-color":"","background-image":"","background-repeat":"repeat","background-position":"center center","background-size":"auto","background-attachment":"scroll","background-type":"","background-media":"","overlay-type":"","overlay-color":"","overlay-opacity":"","overlay-gradient":""}},"ast-content-background-meta":{"desktop":{"background-color":"var(--ast-global-color-5)","background-image":"","background-repeat":"repeat","background-position":"center center","background-size":"auto","background-attachment":"scroll","background-type":"","background-media":"","overlay-type":"","overlay-color":"","overlay-opacity":"","overlay-gradient":""},"tablet":{"background-color":"var(--ast-global-color-5)","background-image":"","background-repeat":"repeat","background-position":"center center","background-size":"auto","background-attachment":"scroll","background-type":"","background-media":"","overlay-type":"","overlay-color":"","overlay-opacity":"","overlay-gradient":""},"mobile":{"background-color":"var(--ast-global-color-5)","background-image":"","background-repeat":"repeat","background-position":"center center","background-size":"auto","background-attachment":"scroll","background-type":"","background-media":"","overlay-type":"","overlay-color":"","overlay-opacity":"","overlay-gradient":""}},"footnotes":""},"class_list":["post-8150","page","type-page","status-publish","hentry"],"_links":{"self":[{"href":"https:\/\/theopenfaculty.com\/en\/wp-json\/wp\/v2\/pages\/8150","targetHints":{"allow":["GET"]}}],"collection":[{"href":"https:\/\/theopenfaculty.com\/en\/wp-json\/wp\/v2\/pages"}],"about":[{"href":"https:\/\/theopenfaculty.com\/en\/wp-json\/wp\/v2\/types\/page"}],"author":[{"embeddable":true,"href":"https:\/\/theopenfaculty.com\/en\/wp-json\/wp\/v2\/users\/2"}],"replies":[{"embeddable":true,"href":"https:\/\/theopenfaculty.com\/en\/wp-json\/wp\/v2\/comments?post=8150"}],"version-history":[{"count":7,"href":"https:\/\/theopenfaculty.com\/en\/wp-json\/wp\/v2\/pages\/8150\/revisions"}],"predecessor-version":[{"id":8181,"href":"https:\/\/theopenfaculty.com\/en\/wp-json\/wp\/v2\/pages\/8150\/revisions\/8181"}],"wp:attachment":[{"href":"https:\/\/theopenfaculty.com\/en\/wp-json\/wp\/v2\/media?parent=8150"}],"curies":[{"name":"wp","href":"https:\/\/api.w.org\/{rel}","templated":true}]}}