{"id":7882,"date":"2025-10-14T16:02:39","date_gmt":"2025-10-14T14:02:39","guid":{"rendered":"https:\/\/theopenfaculty.com\/?page_id=7882"},"modified":"2026-02-02T16:31:37","modified_gmt":"2026-02-02T15:31:37","slug":"bases-sorteo-the-open-faculty","status":"publish","type":"page","link":"https:\/\/theopenfaculty.com\/en\/bases-sorteo-the-open-faculty\/","title":{"rendered":"Bases Sorteo The Open Faculty"},"content":{"rendered":"<div data-elementor-type=\"wp-page\" data-elementor-id=\"7882\" class=\"elementor elementor-7882\" data-elementor-post-type=\"page\">\n\t\t\t\t<div class=\"elementor-element elementor-element-d754b41 e-flex e-con-boxed e-con e-parent\" data-id=\"d754b41\" data-element_type=\"container\" data-e-type=\"container\">\n\t\t\t\t\t<div class=\"e-con-inner\">\n\t\t\t\t<div class=\"elementor-element elementor-element-fed039b elementor-widget elementor-widget-heading\" data-id=\"fed039b\" data-element_type=\"widget\" data-e-type=\"widget\" data-widget_type=\"heading.default\">\n\t\t\t\t<div class=\"elementor-widget-container\">\n\t\t\t\t\t<h1 class=\"elementor-heading-title elementor-size-default\">RULES OF THE DRAWING <\/h1>\t\t\t\t<\/div>\n\t\t\t\t<\/div>\n\t\t\t\t<div class=\"elementor-element elementor-element-ae973a5 elementor-widget elementor-widget-text-editor\" data-id=\"ae973a5\" data-element_type=\"widget\" data-e-type=\"widget\" data-widget_type=\"text-editor.default\">\n\t\t\t\t<div class=\"elementor-widget-container\">\n\t\t\t\t\t\t\t\t\t<ol><li><strong>Dates of the draw:<\/strong> El sorteo permanecer\u00e1 abierto durante todo el d\u00eda.<\/li><li><strong>Requirements:<\/strong> The draw will be open only to the following persons <strong data-start=\"484\" data-end=\"506\">de bachillerato que hayan venido con sus colegios o institutos a la Feria de Secundaria organizada por la Universidad de Murcia<\/strong> y\u00a0que <strong data-start=\"511\" data-end=\"574\">meet the requirements set out on the raffle page<\/strong>.<\/li><li><strong data-start=\"580\" data-end=\"606\">Winner and notification:\u00a0<\/strong>Habr\u00e1n <strong data-start=\"618\" data-end=\"637\">3 ganadores<\/strong>, que ser\u00e1n notificados mediante nuestro perfil de instagram.<\/li><li><strong data-start=\"834\" data-end=\"844\">Prize:\u00a0<\/strong>The prize will consist of <strong data-start=\"874\" data-end=\"996\">1 pack con material de nuestro Centro Universitario The Open Faculty.\u00a0<\/strong><\/li><li><strong data-start=\"1088\" data-end=\"1113\">Selection of the winner: <\/strong>\u00a0Ser\u00e1 seleccionado de forma aleatoria entre los participantes inscritos a trav\u00e9s de una <strong data-start=\"1225\" data-end=\"1251\">computer application<\/strong>.<\/li><li>\u00a0<strong data-start=\"1257\" data-end=\"1279\">Presentation of the award:\u00a0<\/strong>El premio podr\u00e1 recogerse en nuestro stand de la Feria o durante febrero de 2026\u00a0en el <strong data-start=\"1361\" data-end=\"1402\">The Open Faculty University Centre<\/strong>located in <strong data-start=\"1415\" data-end=\"1464\">C. Alcalde Gaspar de La Pe\u00f1a, 3, 30004 Murcia<\/strong>.<strong data-start=\"1513\" data-end=\"1553\">\u00a0<\/strong><\/li><li><strong data-start=\"1559\" data-end=\"1584\">Prizes not awarded:\u00a0<\/strong>En caso de no poder entregar el premio al ganador,\u00a0<strong data-start=\"1758\" data-end=\"1846\">The Open Faculty reserves the right to dispose of it as it sees fit.<\/strong>.\u00a0<\/li><li><strong data-start=\"1852\" data-end=\"1882\">Communication of the result:\u00a0<\/strong>The winner will be announced through the official social media profiles of the <strong data-start=\"1977\" data-end=\"2018\">The Open Faculty University Centre<\/strong>.<\/li><\/ol>\t\t\t\t\t\t\t\t<\/div>\n\t\t\t\t<\/div>\n\t\t\t\t\t<\/div>\n\t\t\t\t<\/div>\n\t\t\t\t<\/div>","protected":false},"excerpt":{"rendered":"<p>BASES SORTEO Fechas del sorteo: El sorteo permanecer\u00e1 abierto durante todo el d\u00eda. Requisitos: Podr\u00e1n participar en el sorteo \u00fanicamente personas de bachillerato que hayan venido con sus colegios o institutos a la Feria de Secundaria organizada por la Universidad de Murcia y\u00a0que cumplan los requisitos establecidos en la p\u00e1gina del sorteo. Ganador y notificaci\u00f3n:\u00a0Habr\u00e1n [&hellip;]<\/p>\n","protected":false},"author":2,"featured_media":0,"parent":0,"menu_order":0,"comment_status":"closed","ping_status":"closed","template":"","meta":{"site-sidebar-layout":"no-sidebar","site-content-layout":"","ast-site-content-layout":"full-width-container","site-content-style":"default","site-sidebar-style":"default","ast-global-header-display":"","ast-banner-title-visibility":"","ast-main-header-display":"","ast-hfb-above-header-display":"","ast-hfb-below-header-display":"","ast-hfb-mobile-header-display":"","site-post-title":"disabled","ast-breadcrumbs-content":"","ast-featured-img":"disabled","footer-sml-layout":"","theme-transparent-header-meta":"","adv-header-id-meta":"","stick-header-meta":"","header-above-stick-meta":"","header-main-stick-meta":"","header-below-stick-meta":"","astra-migrate-meta-layouts":"default","ast-page-background-enabled":"default","ast-page-background-meta":{"desktop":{"background-color":"var(--ast-global-color-4)","background-image":"","background-repeat":"repeat","background-position":"center center","background-size":"auto","background-attachment":"scroll","background-type":"","background-media":"","overlay-type":"","overlay-color":"","overlay-opacity":"","overlay-gradient":""},"tablet":{"background-color":"","background-image":"","background-repeat":"repeat","background-position":"center center","background-size":"auto","background-attachment":"scroll","background-type":"","background-media":"","overlay-type":"","overlay-color":"","overlay-opacity":"","overlay-gradient":""},"mobile":{"background-color":"","background-image":"","background-repeat":"repeat","background-position":"center center","background-size":"auto","background-attachment":"scroll","background-type":"","background-media":"","overlay-type":"","overlay-color":"","overlay-opacity":"","overlay-gradient":""}},"ast-content-background-meta":{"desktop":{"background-color":"var(--ast-global-color-5)","background-image":"","background-repeat":"repeat","background-position":"center center","background-size":"auto","background-attachment":"scroll","background-type":"","background-media":"","overlay-type":"","overlay-color":"","overlay-opacity":"","overlay-gradient":""},"tablet":{"background-color":"var(--ast-global-color-5)","background-image":"","background-repeat":"repeat","background-position":"center center","background-size":"auto","background-attachment":"scroll","background-type":"","background-media":"","overlay-type":"","overlay-color":"","overlay-opacity":"","overlay-gradient":""},"mobile":{"background-color":"var(--ast-global-color-5)","background-image":"","background-repeat":"repeat","background-position":"center center","background-size":"auto","background-attachment":"scroll","background-type":"","background-media":"","overlay-type":"","overlay-color":"","overlay-opacity":"","overlay-gradient":""}},"footnotes":""},"class_list":["post-7882","page","type-page","status-publish","hentry"],"_links":{"self":[{"href":"https:\/\/theopenfaculty.com\/en\/wp-json\/wp\/v2\/pages\/7882","targetHints":{"allow":["GET"]}}],"collection":[{"href":"https:\/\/theopenfaculty.com\/en\/wp-json\/wp\/v2\/pages"}],"about":[{"href":"https:\/\/theopenfaculty.com\/en\/wp-json\/wp\/v2\/types\/page"}],"author":[{"embeddable":true,"href":"https:\/\/theopenfaculty.com\/en\/wp-json\/wp\/v2\/users\/2"}],"replies":[{"embeddable":true,"href":"https:\/\/theopenfaculty.com\/en\/wp-json\/wp\/v2\/comments?post=7882"}],"version-history":[{"count":10,"href":"https:\/\/theopenfaculty.com\/en\/wp-json\/wp\/v2\/pages\/7882\/revisions"}],"predecessor-version":[{"id":8385,"href":"https:\/\/theopenfaculty.com\/en\/wp-json\/wp\/v2\/pages\/7882\/revisions\/8385"}],"wp:attachment":[{"href":"https:\/\/theopenfaculty.com\/en\/wp-json\/wp\/v2\/media?parent=7882"}],"curies":[{"name":"wp","href":"https:\/\/api.w.org\/{rel}","templated":true}]}}