{"id":6462,"date":"2025-05-14T12:12:58","date_gmt":"2025-05-14T10:12:58","guid":{"rendered":"https:\/\/theopenfaculty.com\/?page_id=6462"},"modified":"2025-05-14T12:18:50","modified_gmt":"2025-05-14T10:18:50","slug":"terms-and-conditions-pau-2025-draw","status":"publish","type":"page","link":"https:\/\/theopenfaculty.com\/en\/bases-sorteo-pau-2025\/","title":{"rendered":"PAU 2025 Drawing Rules"},"content":{"rendered":"<div data-elementor-type=\"wp-page\" data-elementor-id=\"6462\" class=\"elementor elementor-6462\" data-elementor-post-type=\"page\">\n\t\t\t\t<div class=\"elementor-element elementor-element-d754b41 e-flex e-con-boxed e-con e-parent\" data-id=\"d754b41\" data-element_type=\"container\" data-e-type=\"container\">\n\t\t\t\t\t<div class=\"e-con-inner\">\n\t\t\t\t<div class=\"elementor-element elementor-element-fed039b elementor-widget elementor-widget-heading\" data-id=\"fed039b\" data-element_type=\"widget\" data-e-type=\"widget\" data-widget_type=\"heading.default\">\n\t\t\t\t<div class=\"elementor-widget-container\">\n\t\t\t\t\t<h1 class=\"elementor-heading-title elementor-size-default\">RULES OF THE DRAWING <\/h1>\t\t\t\t<\/div>\n\t\t\t\t<\/div>\n\t\t\t\t<div class=\"elementor-element elementor-element-ae973a5 elementor-widget elementor-widget-text-editor\" data-id=\"ae973a5\" data-element_type=\"widget\" data-e-type=\"widget\" data-widget_type=\"text-editor.default\">\n\t\t\t\t<div class=\"elementor-widget-container\">\n\t\t\t\t\t\t\t\t\t<ol><li><strong>Dates of the draw:<\/strong> The draw will start on <strong>3 June 2025 at 9:00 a.m.<\/strong> and will end on Thursday <strong>5 June 2025 at 15:00h<\/strong>.<\/li><li><strong>Requirements:<\/strong> The draw will be open only to the following persons <strong data-start=\"484\" data-end=\"506\">over 17 years of age<\/strong> that <strong data-start=\"511\" data-end=\"574\">meet the requirements set out on the raffle page<\/strong>.<\/li><li><strong data-start=\"580\" data-end=\"606\">Winner and notification:\u00a0<\/strong>There will be <strong data-start=\"618\" data-end=\"637\">1 single winner<\/strong>which shall be notified on <strong data-start=\"662\" data-end=\"701\">5 June 2025 in the afternoon<\/strong> via the means of contact provided on the entry form (telephone, email or social media). To take part in this competition you must meet the requirements of the prize draw as set out on the prize draw page.\u00a0<\/li><li><strong data-start=\"834\" data-end=\"844\">Prize:\u00a0<\/strong>The prize will consist of <strong data-start=\"874\" data-end=\"996\">2 tickets for one of the concerts of the \"Las Noches del Malec\u00f3n\" programme.\u00a0<\/strong>The <strong data-start=\"1006\" data-end=\"1033\">concert will be a surprise<\/strong>The winner of the raffle will be revealed together with the winner of the draw.<\/li><li><strong data-start=\"1088\" data-end=\"1113\">Selection of the winner:\u00a0<\/strong>The winning number will be randomly selected from among the registered participants by means of a <strong data-start=\"1225\" data-end=\"1251\">computer application<\/strong>.<\/li><li>\u00a0<strong data-start=\"1257\" data-end=\"1279\">Presentation of the award:\u00a0<\/strong>The prize may be collected <strong data-start=\"1311\" data-end=\"1354\">as from Friday 6 June 2025<\/strong> in the <strong data-start=\"1361\" data-end=\"1402\">The Open Faculty University Centre<\/strong>located in <strong data-start=\"1415\" data-end=\"1464\">C. Alcalde Gaspar de La Pe\u00f1a, 3, 30004 Murcia<\/strong>. To collect the prize, the winner must <strong data-start=\"1513\" data-end=\"1553\">Present your ID card and the winning flyer.<\/strong>.<\/li><li><strong data-start=\"1559\" data-end=\"1584\">Prizes not awarded:\u00a0<\/strong>In the event that the prize cannot be awarded to the winner, the following will be extracted <strong data-start=\"1654\" data-end=\"1687\">up to two additional numbers<\/strong>.<br data-start=\"1688\" data-end=\"1691\" \/>If after these attempts the prize still cannot be delivered, <strong data-start=\"1758\" data-end=\"1846\">The Open Faculty reserves the right to dispose of it as it sees fit.<\/strong>.\u00a0<\/li><li><strong data-start=\"1852\" data-end=\"1882\">Communication of the result:\u00a0<\/strong>The winner will be announced through the official social media profiles of the <strong data-start=\"1977\" data-end=\"2018\">The Open Faculty University Centre<\/strong>.<\/li><\/ol>\t\t\t\t\t\t\t\t<\/div>\n\t\t\t\t<\/div>\n\t\t\t\t\t<\/div>\n\t\t\t\t<\/div>\n\t\t\t\t<\/div>","protected":false},"excerpt":{"rendered":"<p>BASES SORTEO Fechas del sorteo: El sorteo comenzar\u00e1 el d\u00eda 3 de junio de 2025 a las 9:00h y finalizar\u00e1 el jueves 5 de junio de 2025 a las 15:00h. Requisitos: Podr\u00e1n participar en el sorteo \u00fanicamente personas mayores de 17 a\u00f1os que cumplan los requisitos establecidos en la p\u00e1gina del sorteo. Ganador y notificaci\u00f3n:\u00a0Habr\u00e1 [&hellip;]<\/p>\n","protected":false},"author":2,"featured_media":0,"parent":0,"menu_order":0,"comment_status":"closed","ping_status":"closed","template":"","meta":{"site-sidebar-layout":"no-sidebar","site-content-layout":"","ast-site-content-layout":"full-width-container","site-content-style":"default","site-sidebar-style":"default","ast-global-header-display":"","ast-banner-title-visibility":"","ast-main-header-display":"","ast-hfb-above-header-display":"","ast-hfb-below-header-display":"","ast-hfb-mobile-header-display":"","site-post-title":"disabled","ast-breadcrumbs-content":"","ast-featured-img":"disabled","footer-sml-layout":"","theme-transparent-header-meta":"","adv-header-id-meta":"","stick-header-meta":"","header-above-stick-meta":"","header-main-stick-meta":"","header-below-stick-meta":"","astra-migrate-meta-layouts":"default","ast-page-background-enabled":"default","ast-page-background-meta":{"desktop":{"background-color":"var(--ast-global-color-4)","background-image":"","background-repeat":"repeat","background-position":"center center","background-size":"auto","background-attachment":"scroll","background-type":"","background-media":"","overlay-type":"","overlay-color":"","overlay-opacity":"","overlay-gradient":""},"tablet":{"background-color":"","background-image":"","background-repeat":"repeat","background-position":"center center","background-size":"auto","background-attachment":"scroll","background-type":"","background-media":"","overlay-type":"","overlay-color":"","overlay-opacity":"","overlay-gradient":""},"mobile":{"background-color":"","background-image":"","background-repeat":"repeat","background-position":"center center","background-size":"auto","background-attachment":"scroll","background-type":"","background-media":"","overlay-type":"","overlay-color":"","overlay-opacity":"","overlay-gradient":""}},"ast-content-background-meta":{"desktop":{"background-color":"var(--ast-global-color-5)","background-image":"","background-repeat":"repeat","background-position":"center center","background-size":"auto","background-attachment":"scroll","background-type":"","background-media":"","overlay-type":"","overlay-color":"","overlay-opacity":"","overlay-gradient":""},"tablet":{"background-color":"var(--ast-global-color-5)","background-image":"","background-repeat":"repeat","background-position":"center center","background-size":"auto","background-attachment":"scroll","background-type":"","background-media":"","overlay-type":"","overlay-color":"","overlay-opacity":"","overlay-gradient":""},"mobile":{"background-color":"var(--ast-global-color-5)","background-image":"","background-repeat":"repeat","background-position":"center center","background-size":"auto","background-attachment":"scroll","background-type":"","background-media":"","overlay-type":"","overlay-color":"","overlay-opacity":"","overlay-gradient":""}},"footnotes":""},"class_list":["post-6462","page","type-page","status-publish","hentry"],"_links":{"self":[{"href":"https:\/\/theopenfaculty.com\/en\/wp-json\/wp\/v2\/pages\/6462","targetHints":{"allow":["GET"]}}],"collection":[{"href":"https:\/\/theopenfaculty.com\/en\/wp-json\/wp\/v2\/pages"}],"about":[{"href":"https:\/\/theopenfaculty.com\/en\/wp-json\/wp\/v2\/types\/page"}],"author":[{"embeddable":true,"href":"https:\/\/theopenfaculty.com\/en\/wp-json\/wp\/v2\/users\/2"}],"replies":[{"embeddable":true,"href":"https:\/\/theopenfaculty.com\/en\/wp-json\/wp\/v2\/comments?post=6462"}],"version-history":[{"count":4,"href":"https:\/\/theopenfaculty.com\/en\/wp-json\/wp\/v2\/pages\/6462\/revisions"}],"predecessor-version":[{"id":6466,"href":"https:\/\/theopenfaculty.com\/en\/wp-json\/wp\/v2\/pages\/6462\/revisions\/6466"}],"wp:attachment":[{"href":"https:\/\/theopenfaculty.com\/en\/wp-json\/wp\/v2\/media?parent=6462"}],"curies":[{"name":"wp","href":"https:\/\/api.w.org\/{rel}","templated":true}]}}